{"id":4028,"date":"2015-08-18T18:43:14","date_gmt":"2015-08-18T18:43:14","guid":{"rendered":"https:\/\/www.yellobar.com\/blog\/?page_id=4028"},"modified":"2018-04-18T11:15:43","modified_gmt":"2018-04-18T11:15:43","slug":"cookiepolicy","status":"publish","type":"page","link":"https:\/\/www.yellobar.com\/blog\/cookiepolicy\/","title":{"rendered":"Cookie Policy"},"content":{"rendered":" <p> Z\u00e1sady pou\u017e\u00edv\u00e1n\u00ed cookies na www.yellobar.com <\/p> \n<h2>Co je Cookie?<\/h2>\n <p> Cookie je textov\u00fd soubor, kter\u00fd obsahuje mal\u00e9 mno\u017estv\u00ed dat a\u00a0je odesl\u00e1n do\u00a0va\u0161eho za\u0159\u00edzen\u00ed (po\u010d\u00edta\u010d, chytr\u00fd telefon, tablet) z\u00a0pr\u00e1v\u011b prohl\u00ed\u017een\u00e9 webov\u00e9 str\u00e1nky. Tento soubor je ve va\u0161em za\u0159\u00edzen\u00ed ulo\u017een a\u00a0p\u0159i op\u011btovn\u00e9 n\u00e1v\u0161t\u011bv\u011b dan\u00e9 webov\u00e9 str\u00e1nky je na\u00a0ni automaticky odesl\u00e1n zp\u011bt. Webov\u00e1 str\u00e1nka jej rozpozn\u00e1 a\u00a0uzp\u016fsob\u00ed sv\u00e9 dal\u0161\u00ed zobrazov\u00e1n\u00ed a\u00a0nastaven\u00ed va\u0161im preferenc\u00edm. D\u00edky cookies tak nap\u0159\u00edklad nevid\u00edte st\u00e1le stejnou reklamu, nebo v\u00e1m ji\u017e nejsou nab\u00edzeny produkty, o\u00a0kter\u00e9 nem\u00e1te z\u00e1jem. <br \/> \nCookies pou\u017e\u00edv\u00e1me na\u00a0na\u0161\u00ed webov\u00e9 str\u00e1nce pr\u00e1v\u011b proto, aby pro v\u00e1s jejich n\u00e1v\u0161t\u011bva byla co nejp\u0159\u00edjemn\u011bj\u0161\u00ed, nejefektivn\u011bj\u0161\u00ed a\u00a0mohli jste zde rychle naj\u00edt to, co v\u00e1s zaj\u00edm\u00e1. <\/p> \n<h2>Jak\u00e9 cookies pou\u017e\u00edv\u00e1me?<\/h2>\n <p> Na na\u0161ich webov\u00fdch str\u00e1nk\u00e1ch www.yellobar.com pou\u017e\u00edv\u00e1me pouze jeden typ soubor\u016f cookie, a\u00a0to tzv. permanentn\u00ed. <\/p> \n<h2>Co jsou permanentn\u00ed cookies?<\/h2>\n <p> Permanentn\u00ed cookies se ukl\u00e1daj\u00ed ve va\u0161em za\u0159\u00edzen\u00ed a\u00a0mohou obsahovat anonymn\u00ed identifik\u00e1tor va\u0161eho webov\u00e9ho prohl\u00ed\u017ee\u010de. Permanentn\u00ed cookies v\u00e1s samy o\u00a0sob\u011b konkr\u00e9tn\u011b jako jednotlivce neidentifikuj\u00ed, n\u00fdbr\u017e identifikuj\u00ed pouze p\u0159\u00edstup ke str\u00e1nk\u00e1m a\u00a0chov\u00e1n\u00ed u\u017eivatel\u016f p\u0159istupuj\u00edc\u00edch k nim z\u00a0ur\u010dit\u00e9ho za\u0159\u00edzen\u00ed. Ve\u0161ker\u00e1 data jsou tedy anonymn\u00ed a\u00a0yellobar.com je pou\u017e\u00edv\u00e1 zejm\u00e9na pro \u00fa\u010dely lep\u0161\u00edho za\u0159azen\u00ed n\u00e1v\u0161t\u011bvn\u00edk\u016f do\u00a0c\u00edlov\u00fdch skupin.\u00a0Jak\u00e9koliv dal\u0161\u00ed p\u0159\u00edpadn\u00e9 cookies pak mohou b\u00fdt vyu\u017e\u00edv\u00e1ny pro zaji\u0161t\u011bn\u00ed spr\u00e1vn\u00e9 funk\u010dnosti n\u011bkter\u00fdch na\u0161ich slu\u017eeb. T\u011bchto technologi\u00ed vyu\u017e\u00edv\u00e1me jen a\u00a0pouze pro zlep\u0161en\u00ed obsahu\u00a0n\u00e1v\u0161t\u011bvn\u00edk\u016f webu. <\/p> \n<h2>Nastaven\u00ed cookies<\/h2>\n <p> U naprost\u00e9 v\u011bt\u0161iny webov\u00fdch prohl\u00ed\u017ee\u010d\u016f si m\u016f\u017eete v\u00a0nastaven\u00ed zm\u011bnit to, jak bude va\u0161e za\u0159\u00edzen\u00ed s\u00a0cookies pracovat. Je mo\u017en\u00e9 zcela zak\u00e1zat pou\u017e\u00edv\u00e1n\u00ed cookies, nebo dost\u00e1vat upozorn\u011bn\u00ed a\u00a0\u017e\u00e1dost o\u00a0povolen\u00ed p\u0159i ka\u017ed\u00e9m pokusu o\u00a0jejich sta\u017een\u00ed. V p\u0159\u00edpad\u011b \u00fapln\u00e9ho z\u00e1kazu pou\u017e\u00edv\u00e1n\u00ed cookies se ale m\u016f\u017eete setkat s\u00a0omezen\u00edm slu\u017eeb n\u011bkter\u00fdch webov\u00fdch str\u00e1nek. <\/p> \n<h2>Souhlas s cookies na www.yellobar.com<\/h2>\n <p> Pou\u017e\u00edv\u00e1n\u00edm webov\u00fdch str\u00e1nek www.yellobar.com \u010di p\u0159ihl\u00e1\u0161en\u00edm do sv\u00e9ho profilu\u00a0automaticky vyjad\u0159ujete souhlas s\u00a0pou\u017e\u00edv\u00e1n\u00edm soubor\u016f cookie. Samoz\u0159ejm\u011b pokud neomez\u00edte jejich pou\u017e\u00edv\u00e1n\u00ed va\u0161\u00edm za\u0159\u00edzen\u00edm, jak bylo pops\u00e1no v\u00a0p\u0159ede\u0161l\u00e9m odstavci. <\/p> \n<h2>Zm\u011bny v pou\u017e\u00edv\u00e1n\u00ed cookies na www.yellobar.com<\/h2>\n <p> V p\u0159\u00edpad\u011b, \u017ee dojde kdykoliv v\u00a0budoucnu k \u00faprav\u011b v\u00fd\u0161e popsan\u00fdch z\u00e1sad pou\u017e\u00edv\u00e1n\u00ed cookies na\u00a0www.yellobar.com, budou zde tyto upraven\u00e9 z\u00e1sady zve\u0159ejn\u011bny. Posledn\u00ed aktualizace pravidel pro pou\u017e\u00edv\u00e1n\u00ed cookies na\u00a0www.yellobar.com: 18.8. 2015 <\/p> \n","protected":false},"excerpt":{"rendered":" <p> Z\u00e1sady pou\u017e\u00edv\u00e1n\u00ed cookies na www.yellobar.com Co je Cookie? Cookie je textov\u00fd soubor, kter\u00fd obsahuje mal\u00e9 mno\u017estv\u00ed dat a\u00a0je odesl\u00e1n do\u00a0va\u0161eho za\u0159\u00edzen\u00ed (po\u010d\u00edta\u010d, chytr\u00fd telefon, tablet) z\u00a0pr\u00e1v\u011b prohl\u00ed\u017een\u00e9 webov\u00e9 str\u00e1nky. Tento soubor je ve va\u0161em za\u0159\u00edzen\u00ed ulo\u017een a\u00a0p\u0159i op\u011btovn\u00e9 n\u00e1v\u0161t\u011bv\u011b dan\u00e9 webov\u00e9 str\u00e1nky je na\u00a0ni automaticky odesl\u00e1n zp\u011bt. Webov\u00e1 str\u00e1nka jej rozpozn\u00e1 a\u00a0uzp\u016fsob\u00ed sv\u00e9 dal\u0161\u00ed zobrazov\u00e1n\u00ed &hellip; <\/p> \n","protected":false},"author":24,"featured_media":0,"parent":0,"menu_order":0,"comment_status":"closed","ping_status":"closed","template":"","meta":[],"_links":{"self":[{"href":"https:\/\/www.yellobar.com\/blog\/wp-json\/wp\/v2\/pages\/4028"}],"collection":[{"href":"https:\/\/www.yellobar.com\/blog\/wp-json\/wp\/v2\/pages"}],"about":[{"href":"https:\/\/www.yellobar.com\/blog\/wp-json\/wp\/v2\/types\/page"}],"author":[{"embeddable":true,"href":"https:\/\/www.yellobar.com\/blog\/wp-json\/wp\/v2\/users\/24"}],"replies":[{"embeddable":true,"href":"https:\/\/www.yellobar.com\/blog\/wp-json\/wp\/v2\/comments?post=4028"}],"version-history":[{"count":1,"href":"https:\/\/www.yellobar.com\/blog\/wp-json\/wp\/v2\/pages\/4028\/revisions"}],"predecessor-version":[{"id":6080,"href":"https:\/\/www.yellobar.com\/blog\/wp-json\/wp\/v2\/pages\/4028\/revisions\/6080"}],"wp:attachment":[{"href":"https:\/\/www.yellobar.com\/blog\/wp-json\/wp\/v2\/media?parent=4028"}],"curies":[{"name":"wp","href":"https:\/\/api.w.org\/{rel}","templated":true}]}}